{"id":2,"date":"2019-03-08T12:31:20","date_gmt":"2019-03-08T12:31:20","guid":{"rendered":"http:\/\/vivalavida.si\/?page_id=2"},"modified":"2021-01-31T05:50:47","modified_gmt":"2021-01-31T05:50:47","slug":"sample-page","status":"publish","type":"page","link":"https:\/\/vivalavida.si\/","title":{"rendered":"Nepremi\u010dnine Vivalavida"},"content":{"rendered":"\t\t<div data-elementor-type=\"wp-post\" data-elementor-id=\"2\" class=\"elementor elementor-2\">\n\t\t\t\t\t\t<div class=\"elementor-inner\">\n\t\t\t\t<div class=\"elementor-section-wrap\">\n\t\t\t\t\t\t\t\t\t<section class=\"elementor-section elementor-top-section elementor-element elementor-element-541c86e elementor-section-boxed elementor-section-height-default elementor-section-height-default\" data-id=\"541c86e\" data-element_type=\"section\">\n\t\t\t\t\t\t<div class=\"elementor-container elementor-column-gap-default\">\n\t\t\t\t\t\t\t<div class=\"elementor-row\">\n\t\t\t\t\t<div class=\"elementor-column elementor-col-100 elementor-top-column elementor-element elementor-element-58847cc\" data-id=\"58847cc\" data-element_type=\"column\">\n\t\t\t<div class=\"elementor-column-wrap elementor-element-populated\">\n\t\t\t\t\t\t\t<div class=\"elementor-widget-wrap\">\n\t\t\t\t\t\t<div class=\"elementor-element elementor-element-d3e26c4 elementor-widget elementor-widget-heading\" data-id=\"d3e26c4\" data-element_type=\"widget\" data-widget_type=\"heading.default\">\n\t\t\t\t<div class=\"elementor-widget-container\">\n\t\t\t<h1 class=\"elementor-heading-title elementor-size-default\">Aktualni projekti - Nepremi\u010dnine Vivalavida<\/h1>\t\t<\/div>\n\t\t\t\t<\/div>\n\t\t\t\t<section class=\"elementor-section elementor-inner-section elementor-element elementor-element-66e694d elementor-section-boxed elementor-section-height-default elementor-section-height-default\" data-id=\"66e694d\" data-element_type=\"section\">\n\t\t\t\t\t\t<div class=\"elementor-container elementor-column-gap-default\">\n\t\t\t\t\t\t\t<div class=\"elementor-row\">\n\t\t\t\t\t<div class=\"elementor-column elementor-col-50 elementor-inner-column elementor-element elementor-element-f959759\" data-id=\"f959759\" data-element_type=\"column\">\n\t\t\t<div class=\"elementor-column-wrap elementor-element-populated\">\n\t\t\t\t\t\t\t<div class=\"elementor-widget-wrap\">\n\t\t\t\t\t\t<div class=\"elementor-element elementor-element-5a105f3 elementor-widget elementor-widget-image\" data-id=\"5a105f3\" data-element_type=\"widget\" data-widget_type=\"image.default\">\n\t\t\t\t<div class=\"elementor-widget-container\">\n\t\t\t\t\t\t\t\t<div class=\"elementor-image\">\n\t\t\t\t\t\t\t\t\t\t\t\t<img decoding=\"async\" width=\"800\" height=\"485\" src=\"https:\/\/vivalavida.si\/wp-content\/uploads\/2019\/03\/hise-brezje-maribor.jpg\" class=\"attachment-full size-full\" alt=\"Soseska Brezje Maribor\" loading=\"lazy\" srcset=\"https:\/\/vivalavida.si\/wp-content\/uploads\/2019\/03\/hise-brezje-maribor.jpg 800w, https:\/\/vivalavida.si\/wp-content\/uploads\/2019\/03\/hise-brezje-maribor-300x182.jpg 300w, https:\/\/vivalavida.si\/wp-content\/uploads\/2019\/03\/hise-brezje-maribor-768x466.jpg 768w\" sizes=\"(max-width: 800px) 100vw, 800px\" \/>\t\t\t\t\t\t\t\t\t\t\t\t\t\t<\/div>\n\t\t\t\t\t\t<\/div>\n\t\t\t\t<\/div>\n\t\t\t\t<div class=\"elementor-element elementor-element-0f0091a elementor-align-center elementor-widget elementor-widget-button\" data-id=\"0f0091a\" data-element_type=\"widget\" data-widget_type=\"button.default\">\n\t\t\t\t<div class=\"elementor-widget-container\">\n\t\t\t\t\t<div class=\"elementor-button-wrapper\">\n\t\t\t<a href=\"https:\/\/soseskabrezje.si\/\" target=\"_blank\" class=\"elementor-button-link elementor-button elementor-size-md\" role=\"button\">\n\t\t\t\t\t\t<span class=\"elementor-button-content-wrapper\">\n\t\t\t\t\t\t<span class=\"elementor-button-text\">Ogled nepremi\u010dnin - Hi\u0161e Soseska Brezje<\/span>\n\t\t<\/span>\n\t\t\t\t\t<\/a>\n\t\t<\/div>\n\t\t\t\t<\/div>\n\t\t\t\t<\/div>\n\t\t\t\t\t\t<\/div>\n\t\t\t\t\t<\/div>\n\t\t<\/div>\n\t\t\t\t<div class=\"elementor-column elementor-col-50 elementor-inner-column elementor-element elementor-element-e4ae3ef\" data-id=\"e4ae3ef\" data-element_type=\"column\">\n\t\t\t<div class=\"elementor-column-wrap elementor-element-populated\">\n\t\t\t\t\t\t\t<div class=\"elementor-widget-wrap\">\n\t\t\t\t\t\t<div class=\"elementor-element elementor-element-1692041 elementor-widget elementor-widget-image\" data-id=\"1692041\" data-element_type=\"widget\" data-widget_type=\"image.default\">\n\t\t\t\t<div class=\"elementor-widget-container\">\n\t\t\t\t\t\t\t\t<div class=\"elementor-image\">\n\t\t\t\t\t\t\t\t\t\t\t\t<img decoding=\"async\" width=\"800\" height=\"485\" src=\"https:\/\/vivalavida.si\/wp-content\/uploads\/2019\/03\/stanovanja-presernova-maribor.jpg\" class=\"attachment-full size-full\" alt=\"\" loading=\"lazy\" srcset=\"https:\/\/vivalavida.si\/wp-content\/uploads\/2019\/03\/stanovanja-presernova-maribor.jpg 800w, https:\/\/vivalavida.si\/wp-content\/uploads\/2019\/03\/stanovanja-presernova-maribor-300x182.jpg 300w, https:\/\/vivalavida.si\/wp-content\/uploads\/2019\/03\/stanovanja-presernova-maribor-768x466.jpg 768w\" sizes=\"(max-width: 800px) 100vw, 800px\" \/>\t\t\t\t\t\t\t\t\t\t\t\t\t\t<\/div>\n\t\t\t\t\t\t<\/div>\n\t\t\t\t<\/div>\n\t\t\t\t<div class=\"elementor-element elementor-element-13a0e18 elementor-align-center elementor-widget elementor-widget-button\" data-id=\"13a0e18\" data-element_type=\"widget\" data-widget_type=\"button.default\">\n\t\t\t\t<div class=\"elementor-widget-container\">\n\t\t\t\t\t<div class=\"elementor-button-wrapper\">\n\t\t\t<a href=\"https:\/\/stanovanjapresernova.si\/\" target=\"_blank\" class=\"elementor-button-link elementor-button elementor-size-md\" role=\"button\">\n\t\t\t\t\t\t<span class=\"elementor-button-content-wrapper\">\n\t\t\t\t\t\t<span class=\"elementor-button-text\">Ogled nepremi\u010dnin - Stanovanja Pre\u0161ernova<\/span>\n\t\t<\/span>\n\t\t\t\t\t<\/a>\n\t\t<\/div>\n\t\t\t\t<\/div>\n\t\t\t\t<\/div>\n\t\t\t\t\t\t<\/div>\n\t\t\t\t\t<\/div>\n\t\t<\/div>\n\t\t\t\t\t\t\t\t<\/div>\n\t\t\t\t\t<\/div>\n\t\t<\/section>\n\t\t\t\t\t\t<\/div>\n\t\t\t\t\t<\/div>\n\t\t<\/div>\n\t\t\t\t\t\t\t\t<\/div>\n\t\t\t\t\t<\/div>\n\t\t<\/section>\n\t\t\t\t<section class=\"elementor-section elementor-top-section elementor-element elementor-element-88c6fad elementor-section-boxed elementor-section-height-default elementor-section-height-default\" data-id=\"88c6fad\" data-element_type=\"section\">\n\t\t\t\t\t\t<div class=\"elementor-container elementor-column-gap-default\">\n\t\t\t\t\t\t\t<div class=\"elementor-row\">\n\t\t\t\t\t<div class=\"elementor-column elementor-col-100 elementor-top-column elementor-element elementor-element-0efa869\" data-id=\"0efa869\" data-element_type=\"column\">\n\t\t\t<div class=\"elementor-column-wrap elementor-element-populated\">\n\t\t\t\t\t\t\t<div class=\"elementor-widget-wrap\">\n\t\t\t\t\t\t<div class=\"elementor-element elementor-element-ef0e7cd elementor-widget elementor-widget-text-editor\" data-id=\"ef0e7cd\" data-element_type=\"widget\" data-widget_type=\"text-editor.default\">\n\t\t\t\t<div class=\"elementor-widget-container\">\n\t\t\t\t\t\t\t\t<div class=\"elementor-text-editor elementor-clearfix\">\n\t\t\t\t<p>Investitor ogla\u0161uje in prodaja lastno nepremi\u010dnino!<\/p><p>VIVALAVIDA d.o.o.<\/p><p>Trgovsko in storitveno podjetje<br \/>Perhav\u010deva ulica 36<br \/>2000 MARIBOR<\/p><p>boris@vivalavida.si<br \/>041 625 062<br \/>Mati\u010dna \u0161tevilka: 6937055000<br \/>ID DDV: SI88015629<\/p>\t\t\t\t\t<\/div>\n\t\t\t\t\t\t<\/div>\n\t\t\t\t<\/div>\n\t\t\t\t\t\t<\/div>\n\t\t\t\t\t<\/div>\n\t\t<\/div>\n\t\t\t\t\t\t\t\t<\/div>\n\t\t\t\t\t<\/div>\n\t\t<\/section>\n\t\t\t\t\t\t\t\t\t<\/div>\n\t\t\t<\/div>\n\t\t\t\t\t<\/div>\n\t\t","protected":false},"excerpt":{"rendered":"<p>Aktualni projekti &#8211; Nepremi\u010dnine Vivalavida Ogled nepremi\u010dnin &#8211; Hi\u0161e Soseska Brezje Ogled nepremi\u010dnin &#8211; Stanovanja Pre\u0161ernova Investitor ogla\u0161uje in prodaja lastno nepremi\u010dnino! VIVALAVIDA d.o.o. Trgovsko in storitveno podjetjePerhav\u010deva ulica 362000 MARIBOR boris@vivalavida.si041 625 062Mati\u010dna \u0161tevilka: 6937055000ID DDV: SI88015629<\/p>\n","protected":false},"author":1,"featured_media":0,"parent":0,"menu_order":0,"comment_status":"closed","ping_status":"open","template":"elementor_header_footer","meta":[],"_links":{"self":[{"href":"https:\/\/vivalavida.si\/index.php?rest_route=\/wp\/v2\/pages\/2"}],"collection":[{"href":"https:\/\/vivalavida.si\/index.php?rest_route=\/wp\/v2\/pages"}],"about":[{"href":"https:\/\/vivalavida.si\/index.php?rest_route=\/wp\/v2\/types\/page"}],"author":[{"embeddable":true,"href":"https:\/\/vivalavida.si\/index.php?rest_route=\/wp\/v2\/users\/1"}],"replies":[{"embeddable":true,"href":"https:\/\/vivalavida.si\/index.php?rest_route=%2Fwp%2Fv2%2Fcomments&post=2"}],"version-history":[{"count":0,"href":"https:\/\/vivalavida.si\/index.php?rest_route=\/wp\/v2\/pages\/2\/revisions"}],"wp:attachment":[{"href":"https:\/\/vivalavida.si\/index.php?rest_route=%2Fwp%2Fv2%2Fmedia&parent=2"}],"curies":[{"name":"wp","href":"https:\/\/api.w.org\/{rel}","templated":true}]}}